{"id":763,"date":"2022-10-03T12:50:06","date_gmt":"2022-10-03T12:50:06","guid":{"rendered":"https:\/\/angiopuebla.mx\/angiowpangiowp\/?page_id=763"},"modified":"2022-11-08T18:40:12","modified_gmt":"2022-11-08T18:40:12","slug":"aneurisma","status":"publish","type":"page","link":"https:\/\/angiopuebla.mx\/angiowp\/aneurisma\/","title":{"rendered":"Aneurisma"},"content":{"rendered":"\t\t<div data-elementor-type=\"wp-page\" data-elementor-id=\"763\" class=\"elementor elementor-763\" data-elementor-post-type=\"page\">\n\t\t\t\t\t\t<section class=\"elementor-section elementor-top-section elementor-element elementor-element-0858fcc elementor-section-boxed elementor-section-height-default elementor-section-height-default\" data-id=\"0858fcc\" data-element_type=\"section\">\n\t\t\t\t\t\t<div class=\"elementor-container elementor-column-gap-default\">\n\t\t\t\t\t<div class=\"elementor-column elementor-col-100 elementor-top-column elementor-element elementor-element-732525b\" data-id=\"732525b\" data-element_type=\"column\">\n\t\t\t<div class=\"elementor-widget-wrap elementor-element-populated\">\n\t\t\t\t\t\t<div class=\"elementor-element elementor-element-505ed45 elementor-widget elementor-widget-spacer\" data-id=\"505ed45\" data-element_type=\"widget\" data-widget_type=\"spacer.default\">\n\t\t\t\t<div class=\"elementor-widget-container\">\n\t\t\t\t\t\t\t<div class=\"elementor-spacer\">\n\t\t\t<div class=\"elementor-spacer-inner\"><\/div>\n\t\t<\/div>\n\t\t\t\t\t\t<\/div>\n\t\t\t\t<\/div>\n\t\t\t\t\t<\/div>\n\t\t<\/div>\n\t\t\t\t\t<\/div>\n\t\t<\/section>\n\t\t\t\t<section class=\"elementor-section elementor-top-section elementor-element elementor-element-367423f elementor-section-boxed elementor-section-height-default elementor-section-height-default\" data-id=\"367423f\" data-element_type=\"section\" data-settings=\"{&quot;background_background&quot;:&quot;classic&quot;}\">\n\t\t\t\t\t\t<div class=\"elementor-container elementor-column-gap-default\">\n\t\t\t\t\t<div class=\"elementor-column elementor-col-50 elementor-top-column elementor-element elementor-element-708d5db\" data-id=\"708d5db\" data-element_type=\"column\">\n\t\t\t<div class=\"elementor-widget-wrap elementor-element-populated\">\n\t\t\t\t\t\t<div class=\"elementor-element elementor-element-44a6440 elementor-widget elementor-widget-heading\" data-id=\"44a6440\" data-element_type=\"widget\" data-widget_type=\"heading.default\">\n\t\t\t\t<div class=\"elementor-widget-container\">\n\t\t\t\t\t<h1 class=\"elementor-heading-title elementor-size-default\">Aneurisma<\/h1>\t\t\t\t<\/div>\n\t\t\t\t<\/div>\n\t\t\t\t\t<\/div>\n\t\t<\/div>\n\t\t\t\t<div class=\"elementor-column elementor-col-50 elementor-top-column elementor-element elementor-element-84a6796\" data-id=\"84a6796\" data-element_type=\"column\">\n\t\t\t<div class=\"elementor-widget-wrap elementor-element-populated\">\n\t\t\t\t\t\t<div class=\"elementor-element elementor-element-9a6ce0b elementor-widget elementor-widget-image\" data-id=\"9a6ce0b\" data-element_type=\"widget\" data-widget_type=\"image.default\">\n\t\t\t\t<div class=\"elementor-widget-container\">\n\t\t\t\t\t\t\t\t\t\t\t\t\t\t\t<img decoding=\"async\" src=\"https:\/\/angiopuebla.mx\/angiowp\/wp-content\/uploads\/2022\/10\/aneurisma2.jpg\" title=\"aneurisma2\" alt=\"aneurisma2\" loading=\"lazy\" \/>\t\t\t\t\t\t\t\t\t\t\t\t\t\t\t<\/div>\n\t\t\t\t<\/div>\n\t\t\t\t\t<\/div>\n\t\t<\/div>\n\t\t\t\t\t<\/div>\n\t\t<\/section>\n\t\t\t\t<section class=\"elementor-section elementor-top-section elementor-element elementor-element-b88f9e5 elementor-section-boxed elementor-section-height-default elementor-section-height-default\" data-id=\"b88f9e5\" data-element_type=\"section\">\n\t\t\t\t\t\t<div class=\"elementor-container elementor-column-gap-default\">\n\t\t\t\t\t<div class=\"elementor-column elementor-col-100 elementor-top-column elementor-element elementor-element-9061f24\" data-id=\"9061f24\" data-element_type=\"column\">\n\t\t\t<div class=\"elementor-widget-wrap elementor-element-populated\">\n\t\t\t\t\t\t<div class=\"elementor-element elementor-element-18bad46 elementor-widget elementor-widget-spacer\" data-id=\"18bad46\" data-element_type=\"widget\" data-widget_type=\"spacer.default\">\n\t\t\t\t<div class=\"elementor-widget-container\">\n\t\t\t\t\t\t\t<div class=\"elementor-spacer\">\n\t\t\t<div class=\"elementor-spacer-inner\"><\/div>\n\t\t<\/div>\n\t\t\t\t\t\t<\/div>\n\t\t\t\t<\/div>\n\t\t\t\t\t<\/div>\n\t\t<\/div>\n\t\t\t\t\t<\/div>\n\t\t<\/section>\n\t\t\t\t<section class=\"elementor-section elementor-top-section elementor-element elementor-element-2ffd7d7 elementor-section-boxed elementor-section-height-default elementor-section-height-default\" data-id=\"2ffd7d7\" data-element_type=\"section\">\n\t\t\t\t\t\t<div class=\"elementor-container elementor-column-gap-default\">\n\t\t\t\t\t<div class=\"elementor-column elementor-col-33 elementor-top-column elementor-element elementor-element-2b02591\" data-id=\"2b02591\" data-element_type=\"column\">\n\t\t\t<div class=\"elementor-widget-wrap\">\n\t\t\t\t\t\t\t<\/div>\n\t\t<\/div>\n\t\t\t\t<div class=\"elementor-column elementor-col-33 elementor-top-column elementor-element elementor-element-a4837f4\" data-id=\"a4837f4\" data-element_type=\"column\">\n\t\t\t<div class=\"elementor-widget-wrap elementor-element-populated\">\n\t\t\t\t\t\t<div class=\"elementor-element elementor-element-d1b4d6b elementor-widget elementor-widget-text-editor\" data-id=\"d1b4d6b\" data-element_type=\"widget\" data-widget_type=\"text-editor.default\">\n\t\t\t\t<div class=\"elementor-widget-container\">\n\t\t\t\t\t\t\t\t\t<p><span style=\"font-weight: 400;\">La aorta, la arteria m\u00e1s grande de tu cuerpo, se extiende desde tu coraz\u00f3n, atraviesa tu pecho y entra en tu abdomen. La regi\u00f3n abdominal de la aorta es responsable de llevar sangre a tus piernas, tracto gastrointestinal y ri\u00f1ones.<\/span><\/p><p><span style=\"font-weight: 400;\">Un aneurisma a\u00f3rtico abdominal (AAA) ocurre cuando la pared de la aorta se debilita progresivamente y comienza a hincharse. Un AAA puede continuar agrand\u00e1ndose y eventualmente romperse si no se trata, causando una hemorragia interna severa y posiblemente la muerte. Cerca de 200,000 personas en los Estados Unidos son diagnosticadas con AAA anualmente; aproximadamente 15,000 mueren cada a\u00f1o por un AAA rota.<\/span><\/p><p><span style=\"font-weight: 400;\">Adem\u00e1s de la preocupaci\u00f3n sobre la ruptura, tambi\u00e9n pueden desarrollarse co\u00e1gulos o residuos dentro de un AAA. Estas sustancias pueden transportarse a otras \u00e1reas del cuerpo y bloquear la circulaci\u00f3n, causando un dolor severo o posiblemente la p\u00e9rdida de extremidades si el flujo de sangre se corta durante demasiado tiempo.<\/span><\/p><p><span style=\"font-weight: 400;\">Un AAA puede ser tratado de manera segura si se diagnostica tempranamente; sin embargo, la mayor\u00eda de los pacientes no tienen s\u00edntomas.<\/span><\/p>\t\t\t\t\t\t\t\t<\/div>\n\t\t\t\t<\/div>\n\t\t\t\t\t<\/div>\n\t\t<\/div>\n\t\t\t\t<div class=\"elementor-column elementor-col-33 elementor-top-column elementor-element elementor-element-fb8d731\" data-id=\"fb8d731\" data-element_type=\"column\">\n\t\t\t<div class=\"elementor-widget-wrap\">\n\t\t\t\t\t\t\t<\/div>\n\t\t<\/div>\n\t\t\t\t\t<\/div>\n\t\t<\/section>\n\t\t\t\t<section class=\"elementor-section elementor-top-section elementor-element elementor-element-1f7f104 elementor-section-boxed elementor-section-height-default elementor-section-height-default\" data-id=\"1f7f104\" data-element_type=\"section\">\n\t\t\t\t\t\t<div class=\"elementor-container elementor-column-gap-default\">\n\t\t\t\t\t<div class=\"elementor-column elementor-col-25 elementor-top-column elementor-element elementor-element-8df7a42\" data-id=\"8df7a42\" data-element_type=\"column\">\n\t\t\t<div class=\"elementor-widget-wrap\">\n\t\t\t\t\t\t\t<\/div>\n\t\t<\/div>\n\t\t\t\t<div class=\"elementor-column elementor-col-25 elementor-top-column elementor-element elementor-element-b3440e4\" data-id=\"b3440e4\" data-element_type=\"column\">\n\t\t\t<div class=\"elementor-widget-wrap elementor-element-populated\">\n\t\t\t\t\t\t<div class=\"elementor-element elementor-element-ad4e1f2 elementor-widget elementor-widget-heading\" data-id=\"ad4e1f2\" data-element_type=\"widget\" data-widget_type=\"heading.default\">\n\t\t\t\t<div class=\"elementor-widget-container\">\n\t\t\t\t\t<h3 class=\"elementor-heading-title elementor-size-default\">Causas y factores de riesgo<\/h3>\t\t\t\t<\/div>\n\t\t\t\t<\/div>\n\t\t\t\t<div class=\"elementor-element elementor-element-35d5d65 elementor-widget elementor-widget-text-editor\" data-id=\"35d5d65\" data-element_type=\"widget\" data-widget_type=\"text-editor.default\">\n\t\t\t\t<div class=\"elementor-widget-container\">\n\t\t\t\t\t\t\t\t\t<p><span style=\"font-weight: 400;\">La mayor\u00eda de los aneurismas a\u00f3rticos son causados por una descomposici\u00f3n de las prote\u00ednas que proporcionan fuerza estructural a la pared de la aorta. Algunos factores de riesgo que contribuyen a este deterioro estructural son:<\/span><\/p><ul><li style=\"font-weight: 400;\" aria-level=\"1\"><span style=\"font-weight: 400;\">Edad: las personas mayores de 60 a\u00f1os tienen m\u00e1s probabilidades de desarrollar la enfermedad<\/span><\/li><li style=\"font-weight: 400;\" aria-level=\"1\"><span style=\"font-weight: 400;\">G\u00e9nero: los hombres son m\u00e1s propensos a la enfermedad que las mujeres<\/span><\/li><li style=\"font-weight: 400;\" aria-level=\"1\"><span style=\"font-weight: 400;\">Antecedentes de ateroesclerosis (endurecimiento de las arterias)<\/span><\/li><li style=\"font-weight: 400;\" aria-level=\"1\"><span style=\"font-weight: 400;\">Historial familiar de AAA<\/span><\/li><li style=\"font-weight: 400;\" aria-level=\"1\"><span style=\"font-weight: 400;\">Fumar<\/span><\/li><li style=\"font-weight: 400;\" aria-level=\"1\"><span style=\"font-weight: 400;\">Alta presi\u00f3n sangu\u00ednea<\/span><\/li><li style=\"font-weight: 400;\" aria-level=\"1\"><span style=\"font-weight: 400;\">Enfermedad pulmonar cr\u00f3nica.<\/span><\/li><\/ul><p>\u00a0<\/p><p><span style=\"font-weight: 400;\">La mayor\u00eda de las personas no sienten s\u00edntomas, y con frecuencia se detecta un AAA en pruebas no relacionadas.que tienen s\u00edntomas, com\u00fanmente manifiestan dolor de espalda, pulsaciones en el abdomen, dolor en la ingle o, aveces, llagas en los pies<\/span><\/p><p><span style=\"font-weight: 400;\">Copyright \u00a9 2018, Society for Vascular Surgery\u00ae. Todos los derechos reservados.<\/span><\/p><p>\u00a0<\/p><p><span style=\"font-weight: 400;\">Si se sospecha un AAA, es probable que se te remita para realizarte una ecograf\u00eda abdominal, es una prueba sin dolor y segura que puede detectar y medir el tama\u00f1o de una AAA.<\/span><\/p><p><span style=\"font-weight: 400;\">La angiograf\u00eda por tomogr\u00e1fica computarizada (CTA, por sus siglas en ingl\u00e9s) puede evaluar el tama\u00f1o del aneurisma, la ubicaci\u00f3n y el alcance del impacto. Este estudio requiere la exposici\u00f3n a la radiaci\u00f3n y la inyecci\u00f3n de un agente de contraste intravenoso.<\/span><\/p><p><span style=\"font-weight: 400;\">Sin embargo, un CTA proporciona informaci\u00f3n anat\u00f3mica valiosa y puede ayudar a su cirujano vascular a determinar el tipo \u00f3ptimo de reparaci\u00f3n.<\/span><\/p>\t\t\t\t\t\t\t\t<\/div>\n\t\t\t\t<\/div>\n\t\t\t\t\t<\/div>\n\t\t<\/div>\n\t\t\t\t<div class=\"elementor-column elementor-col-25 elementor-top-column elementor-element elementor-element-6a6091e\" data-id=\"6a6091e\" data-element_type=\"column\">\n\t\t\t<div class=\"elementor-widget-wrap elementor-element-populated\">\n\t\t\t\t\t\t<div class=\"elementor-element elementor-element-502e3a1 elementor-widget elementor-widget-heading\" data-id=\"502e3a1\" data-element_type=\"widget\" data-widget_type=\"heading.default\">\n\t\t\t\t<div class=\"elementor-widget-container\">\n\t\t\t\t\t<h3 class=\"elementor-heading-title elementor-size-default\">Tratamiento<\/h3>\t\t\t\t<\/div>\n\t\t\t\t<\/div>\n\t\t\t\t<div class=\"elementor-element elementor-element-9152055 elementor-widget elementor-widget-text-editor\" data-id=\"9152055\" data-element_type=\"widget\" data-widget_type=\"text-editor.default\">\n\t\t\t\t<div class=\"elementor-widget-container\">\n\t\t\t\t\t\t\t\t\t<p><span style=\"font-weight: 400;\">Los cirujanos vasculares pueden determinar el mejor procedimiento para ti, seg\u00fan el tama\u00f1o de tu aneurisma y otros factores.<\/span><\/p><p><span style=\"font-weight: 400;\">Para los AAA m\u00e1s peque\u00f1os, es posible que debas hacer cambios en tu estilo de vida, como dejar de fumar y bajar la presi\u00f3n arterial. Es posible que te receten medicamentos. Tu cirujano te pedir\u00e1 que regreses para chequeos regulares para ver si la AAA ha cambiado.<\/span><\/p><p><span style=\"font-weight: 400;\">Para las AAA grandes, o aquellos que han aumentado de tama\u00f1o con el tiempo, la reparaci\u00f3n puede llevarse a cabo mediante la colocaci\u00f3n de un injerto de una endopr\u00f3tesis endovascular o mediante la implantaci\u00f3n de un <\/span><i><span style=\"font-weight: 400;\">bypass <\/span><\/i><span style=\"font-weight: 400;\">abierto.<\/span><\/p><p><span style=\"font-weight: 400;\">Aseg\u00farate de hablar con un cirujano vascular certificado. Ellos tienen la capacitaci\u00f3n espec\u00edfica tanto en reparaciones abiertas m\u00ednimamente invasivas, como tradicionales. El tipo de reparaci\u00f3n realizada es muy importante para la durabilidad a largo plazo y la ausencia de roturas.<\/span><\/p>\t\t\t\t\t\t\t\t<\/div>\n\t\t\t\t<\/div>\n\t\t\t\t\t<\/div>\n\t\t<\/div>\n\t\t\t\t<div class=\"elementor-column elementor-col-25 elementor-top-column elementor-element elementor-element-ea4dca5\" data-id=\"ea4dca5\" data-element_type=\"column\">\n\t\t\t<div class=\"elementor-widget-wrap\">\n\t\t\t\t\t\t\t<\/div>\n\t\t<\/div>\n\t\t\t\t\t<\/div>\n\t\t<\/section>\n\t\t\t\t<section class=\"elementor-section elementor-top-section elementor-element elementor-element-6b48745 elementor-section-boxed elementor-section-height-default elementor-section-height-default\" data-id=\"6b48745\" data-element_type=\"section\">\n\t\t\t\t\t\t<div class=\"elementor-container elementor-column-gap-default\">\n\t\t\t\t\t<div class=\"elementor-column elementor-col-100 elementor-top-column elementor-element elementor-element-a7d38b8\" data-id=\"a7d38b8\" data-element_type=\"column\">\n\t\t\t<div class=\"elementor-widget-wrap elementor-element-populated\">\n\t\t\t\t\t\t<div class=\"elementor-element elementor-element-77e42c6 elementor-widget elementor-widget-spacer\" data-id=\"77e42c6\" data-element_type=\"widget\" data-widget_type=\"spacer.default\">\n\t\t\t\t<div class=\"elementor-widget-container\">\n\t\t\t\t\t\t\t<div class=\"elementor-spacer\">\n\t\t\t<div class=\"elementor-spacer-inner\"><\/div>\n\t\t<\/div>\n\t\t\t\t\t\t<\/div>\n\t\t\t\t<\/div>\n\t\t\t\t\t<\/div>\n\t\t<\/div>\n\t\t\t\t\t<\/div>\n\t\t<\/section>\n\t\t\t\t<\/div>\n\t\t","protected":false},"excerpt":{"rendered":"<p>Aneurisma La aorta, la arteria m\u00e1s grande de tu cuerpo, se extiende desde tu coraz\u00f3n, atraviesa tu pecho y entra en tu abdomen. La regi\u00f3n abdominal de la aorta es responsable de llevar sangre a tus piernas, tracto gastrointestinal y ri\u00f1ones. Un aneurisma a\u00f3rtico abdominal (AAA) ocurre cuando la pared de la aorta se debilita [&hellip;]<\/p>\n","protected":false},"author":1,"featured_media":0,"parent":0,"menu_order":0,"comment_status":"closed","ping_status":"closed","template":"","meta":{"site-sidebar-layout":"no-sidebar","site-content-layout":"page-builder","ast-site-content-layout":"","site-content-style":"default","site-sidebar-style":"default","ast-global-header-display":"","ast-banner-title-visibility":"","ast-main-header-display":"","ast-hfb-above-header-display":"","ast-hfb-below-header-display":"","ast-hfb-mobile-header-display":"","site-post-title":"disabled","ast-breadcrumbs-content":"","ast-featured-img":"disabled","footer-sml-layout":"","theme-transparent-header-meta":"","adv-header-id-meta":"","stick-header-meta":"","header-above-stick-meta":"","header-main-stick-meta":"","header-below-stick-meta":"","astra-migrate-meta-layouts":"default","ast-page-background-enabled":"default","ast-page-background-meta":{"desktop":{"background-color":"","background-image":"","background-repeat":"repeat","background-position":"center center","background-size":"auto","background-attachment":"scroll","background-type":"","background-media":"","overlay-type":"","overlay-color":"","overlay-opacity":"","overlay-gradient":""},"tablet":{"background-color":"","background-image":"","background-repeat":"repeat","background-position":"center center","background-size":"auto","background-attachment":"scroll","background-type":"","background-media":"","overlay-type":"","overlay-color":"","overlay-opacity":"","overlay-gradient":""},"mobile":{"background-color":"","background-image":"","background-repeat":"repeat","background-position":"center center","background-size":"auto","background-attachment":"scroll","background-type":"","background-media":"","overlay-type":"","overlay-color":"","overlay-opacity":"","overlay-gradient":""}},"ast-content-background-meta":{"desktop":{"background-color":"var(--ast-global-color-5)","background-image":"","background-repeat":"repeat","background-position":"center center","background-size":"auto","background-attachment":"scroll","background-type":"","background-media":"","overlay-type":"","overlay-color":"","overlay-opacity":"","overlay-gradient":""},"tablet":{"background-color":"var(--ast-global-color-5)","background-image":"","background-repeat":"repeat","background-position":"center center","background-size":"auto","background-attachment":"scroll","background-type":"","background-media":"","overlay-type":"","overlay-color":"","overlay-opacity":"","overlay-gradient":""},"mobile":{"background-color":"var(--ast-global-color-5)","background-image":"","background-repeat":"repeat","background-position":"center center","background-size":"auto","background-attachment":"scroll","background-type":"","background-media":"","overlay-type":"","overlay-color":"","overlay-opacity":"","overlay-gradient":""}},"footnotes":""},"class_list":["post-763","page","type-page","status-publish","hentry"],"_links":{"self":[{"href":"https:\/\/angiopuebla.mx\/angiowp\/wp-json\/wp\/v2\/pages\/763","targetHints":{"allow":["GET"]}}],"collection":[{"href":"https:\/\/angiopuebla.mx\/angiowp\/wp-json\/wp\/v2\/pages"}],"about":[{"href":"https:\/\/angiopuebla.mx\/angiowp\/wp-json\/wp\/v2\/types\/page"}],"author":[{"embeddable":true,"href":"https:\/\/angiopuebla.mx\/angiowp\/wp-json\/wp\/v2\/users\/1"}],"replies":[{"embeddable":true,"href":"https:\/\/angiopuebla.mx\/angiowp\/wp-json\/wp\/v2\/comments?post=763"}],"version-history":[{"count":16,"href":"https:\/\/angiopuebla.mx\/angiowp\/wp-json\/wp\/v2\/pages\/763\/revisions"}],"predecessor-version":[{"id":959,"href":"https:\/\/angiopuebla.mx\/angiowp\/wp-json\/wp\/v2\/pages\/763\/revisions\/959"}],"wp:attachment":[{"href":"https:\/\/angiopuebla.mx\/angiowp\/wp-json\/wp\/v2\/media?parent=763"}],"curies":[{"name":"wp","href":"https:\/\/api.w.org\/{rel}","templated":true}]}}