{"id":366,"date":"2022-09-13T04:44:30","date_gmt":"2022-09-13T04:44:30","guid":{"rendered":"https:\/\/angiopuebla.mx\/angiowpangiowp\/?page_id=366"},"modified":"2022-11-08T18:46:19","modified_gmt":"2022-11-08T18:46:19","slug":"curriculum","status":"publish","type":"page","link":"https:\/\/angiopuebla.mx\/angiowp\/curriculum\/","title":{"rendered":"Curr\u00edculum"},"content":{"rendered":"\t\t<div data-elementor-type=\"wp-page\" data-elementor-id=\"366\" class=\"elementor elementor-366\" data-elementor-post-type=\"page\">\n\t\t\t\t\t\t<section class=\"elementor-section elementor-top-section elementor-element elementor-element-fed30f3 elementor-section-boxed elementor-section-height-default elementor-section-height-default\" data-id=\"fed30f3\" data-element_type=\"section\">\n\t\t\t\t\t\t<div class=\"elementor-container elementor-column-gap-default\">\n\t\t\t\t\t<div class=\"elementor-column elementor-col-100 elementor-top-column elementor-element elementor-element-9e4e62f\" data-id=\"9e4e62f\" data-element_type=\"column\">\n\t\t\t<div class=\"elementor-widget-wrap elementor-element-populated\">\n\t\t\t\t\t\t<div class=\"elementor-element elementor-element-ccbcec2 elementor-widget elementor-widget-spacer\" data-id=\"ccbcec2\" data-element_type=\"widget\" data-widget_type=\"spacer.default\">\n\t\t\t\t<div class=\"elementor-widget-container\">\n\t\t\t\t\t\t\t<div class=\"elementor-spacer\">\n\t\t\t<div class=\"elementor-spacer-inner\"><\/div>\n\t\t<\/div>\n\t\t\t\t\t\t<\/div>\n\t\t\t\t<\/div>\n\t\t\t\t\t<\/div>\n\t\t<\/div>\n\t\t\t\t\t<\/div>\n\t\t<\/section>\n\t\t\t\t<section class=\"elementor-section elementor-top-section elementor-element elementor-element-cf6f8af elementor-section-boxed elementor-section-height-default elementor-section-height-default\" data-id=\"cf6f8af\" data-element_type=\"section\">\n\t\t\t\t\t\t<div class=\"elementor-container elementor-column-gap-default\">\n\t\t\t\t\t<div class=\"elementor-column elementor-col-50 elementor-top-column elementor-element elementor-element-103d242\" data-id=\"103d242\" data-element_type=\"column\">\n\t\t\t<div class=\"elementor-widget-wrap elementor-element-populated\">\n\t\t\t\t\t\t<div class=\"elementor-element elementor-element-240177c elementor-widget elementor-widget-image\" data-id=\"240177c\" data-element_type=\"widget\" data-widget_type=\"image.default\">\n\t\t\t\t<div class=\"elementor-widget-container\">\n\t\t\t\t\t\t\t\t\t\t\t\t\t\t\t<img fetchpriority=\"high\" decoding=\"async\" width=\"1024\" height=\"682\" src=\"https:\/\/angiopuebla.mx\/angiowp\/wp-content\/uploads\/2022\/11\/dr-rodrigo-gonzalez-mendez-angiopuebla-1024x682.jpg\" class=\"attachment-large size-large wp-image-970\" alt=\"\" srcset=\"https:\/\/angiopuebla.mx\/angiowp\/wp-content\/uploads\/2022\/11\/dr-rodrigo-gonzalez-mendez-angiopuebla-1024x682.jpg 1024w, https:\/\/angiopuebla.mx\/angiowp\/wp-content\/uploads\/2022\/11\/dr-rodrigo-gonzalez-mendez-angiopuebla-300x200.jpg 300w, https:\/\/angiopuebla.mx\/angiowp\/wp-content\/uploads\/2022\/11\/dr-rodrigo-gonzalez-mendez-angiopuebla-768x512.jpg 768w, https:\/\/angiopuebla.mx\/angiowp\/wp-content\/uploads\/2022\/11\/dr-rodrigo-gonzalez-mendez-angiopuebla.jpg 1280w\" sizes=\"(max-width: 1024px) 100vw, 1024px\" \/>\t\t\t\t\t\t\t\t\t\t\t\t\t\t\t<\/div>\n\t\t\t\t<\/div>\n\t\t\t\t\t<\/div>\n\t\t<\/div>\n\t\t\t\t<div class=\"elementor-column elementor-col-50 elementor-top-column elementor-element elementor-element-79981a7\" data-id=\"79981a7\" data-element_type=\"column\">\n\t\t\t<div class=\"elementor-widget-wrap elementor-element-populated\">\n\t\t\t\t\t\t<div class=\"elementor-element elementor-element-eebb5bf elementor-widget elementor-widget-heading\" data-id=\"eebb5bf\" data-element_type=\"widget\" data-widget_type=\"heading.default\">\n\t\t\t\t<div class=\"elementor-widget-container\">\n\t\t\t\t\t<h1 class=\"elementor-heading-title elementor-size-default\">M\u00e9dico Cirujano<\/h1>\t\t\t\t<\/div>\n\t\t\t\t<\/div>\n\t\t\t\t<div class=\"elementor-element elementor-element-c5b544e elementor-widget elementor-widget-text-editor\" data-id=\"c5b544e\" data-element_type=\"widget\" data-widget_type=\"text-editor.default\">\n\t\t\t\t<div class=\"elementor-widget-container\">\n\t\t\t\t\t\t\t\t\t<p>Universidad Panamericana<\/p><p>Especialidad en Angiolog\u00eda y Cirug\u00eda Vascular<br \/>Hospital de Especialidades \u201cBernardo Sep\u00falveda\u201d<br \/>Centro M\u00e9dico Nacional Siglo XXI<\/p><p>Rotaci\u00f3n en Hospital Cl\u00ednica de Barcelona en servicio de Cirug\u00eda Endovascular del Insituto Cl\u00ednica de T\u00f3rax.<br \/>Miembro de Sociedad Mexicana de Angiolog\u00eda Certificado por Consejo Mexicano de Angiolog\u00eda y Cirug\u00eda Vascular A.C No. 503<\/p>\t\t\t\t\t\t\t\t<\/div>\n\t\t\t\t<\/div>\n\t\t\t\t\t<\/div>\n\t\t<\/div>\n\t\t\t\t\t<\/div>\n\t\t<\/section>\n\t\t\t\t<section class=\"elementor-section elementor-top-section elementor-element elementor-element-831f145 elementor-section-boxed elementor-section-height-default elementor-section-height-default\" data-id=\"831f145\" data-element_type=\"section\">\n\t\t\t\t\t\t<div class=\"elementor-container elementor-column-gap-default\">\n\t\t\t\t\t<div class=\"elementor-column elementor-col-100 elementor-top-column elementor-element elementor-element-96d190f\" data-id=\"96d190f\" data-element_type=\"column\">\n\t\t\t<div class=\"elementor-widget-wrap elementor-element-populated\">\n\t\t\t\t\t\t<div class=\"elementor-element elementor-element-bd8c462 elementor-align-center elementor-widget elementor-widget-button\" data-id=\"bd8c462\" data-element_type=\"widget\" data-widget_type=\"button.default\">\n\t\t\t\t<div class=\"elementor-widget-container\">\n\t\t\t\t\t\t\t\t\t<div class=\"elementor-button-wrapper\">\n\t\t\t\t\t<a class=\"elementor-button elementor-button-link elementor-size-lg\" href=\"https:\/\/angiopuebla.mx\/contacto\/\">\n\t\t\t\t\t\t<span class=\"elementor-button-content-wrapper\">\n\t\t\t\t\t\t<span class=\"elementor-button-icon\">\n\t\t\t\t<i aria-hidden=\"true\" class=\"fas fa-phone-alt\"><\/i>\t\t\t<\/span>\n\t\t\t\t\t\t\t\t\t<span class=\"elementor-button-text\">Contactar ahora<\/span>\n\t\t\t\t\t<\/span>\n\t\t\t\t\t<\/a>\n\t\t\t\t<\/div>\n\t\t\t\t\t\t\t\t<\/div>\n\t\t\t\t<\/div>\n\t\t\t\t<div class=\"elementor-element elementor-element-0cf5bbe elementor-widget elementor-widget-spacer\" data-id=\"0cf5bbe\" data-element_type=\"widget\" data-widget_type=\"spacer.default\">\n\t\t\t\t<div class=\"elementor-widget-container\">\n\t\t\t\t\t\t\t<div class=\"elementor-spacer\">\n\t\t\t<div class=\"elementor-spacer-inner\"><\/div>\n\t\t<\/div>\n\t\t\t\t\t\t<\/div>\n\t\t\t\t<\/div>\n\t\t\t\t\t<\/div>\n\t\t<\/div>\n\t\t\t\t\t<\/div>\n\t\t<\/section>\n\t\t\t\t<\/div>\n\t\t","protected":false},"excerpt":{"rendered":"<p>M\u00e9dico Cirujano Universidad Panamericana Especialidad en Angiolog\u00eda y Cirug\u00eda VascularHospital de Especialidades \u201cBernardo Sep\u00falveda\u201dCentro M\u00e9dico Nacional Siglo XXI Rotaci\u00f3n en Hospital Cl\u00ednica de Barcelona en servicio de Cirug\u00eda Endovascular del Insituto Cl\u00ednica de T\u00f3rax.Miembro de Sociedad Mexicana de Angiolog\u00eda Certificado por Consejo Mexicano de Angiolog\u00eda y Cirug\u00eda Vascular A.C No. 503 Contactar ahora<\/p>\n","protected":false},"author":1,"featured_media":0,"parent":0,"menu_order":0,"comment_status":"closed","ping_status":"closed","template":"","meta":{"site-sidebar-layout":"no-sidebar","site-content-layout":"page-builder","ast-site-content-layout":"","site-content-style":"default","site-sidebar-style":"default","ast-global-header-display":"","ast-banner-title-visibility":"","ast-main-header-display":"","ast-hfb-above-header-display":"","ast-hfb-below-header-display":"","ast-hfb-mobile-header-display":"","site-post-title":"disabled","ast-breadcrumbs-content":"","ast-featured-img":"disabled","footer-sml-layout":"","theme-transparent-header-meta":"","adv-header-id-meta":"","stick-header-meta":"","header-above-stick-meta":"","header-main-stick-meta":"","header-below-stick-meta":"","astra-migrate-meta-layouts":"default","ast-page-background-enabled":"default","ast-page-background-meta":{"desktop":{"background-color":"","background-image":"","background-repeat":"repeat","background-position":"center center","background-size":"auto","background-attachment":"scroll","background-type":"","background-media":"","overlay-type":"","overlay-color":"","overlay-opacity":"","overlay-gradient":""},"tablet":{"background-color":"","background-image":"","background-repeat":"repeat","background-position":"center center","background-size":"auto","background-attachment":"scroll","background-type":"","background-media":"","overlay-type":"","overlay-color":"","overlay-opacity":"","overlay-gradient":""},"mobile":{"background-color":"","background-image":"","background-repeat":"repeat","background-position":"center center","background-size":"auto","background-attachment":"scroll","background-type":"","background-media":"","overlay-type":"","overlay-color":"","overlay-opacity":"","overlay-gradient":""}},"ast-content-background-meta":{"desktop":{"background-color":"var(--ast-global-color-5)","background-image":"","background-repeat":"repeat","background-position":"center center","background-size":"auto","background-attachment":"scroll","background-type":"","background-media":"","overlay-type":"","overlay-color":"","overlay-opacity":"","overlay-gradient":""},"tablet":{"background-color":"var(--ast-global-color-5)","background-image":"","background-repeat":"repeat","background-position":"center center","background-size":"auto","background-attachment":"scroll","background-type":"","background-media":"","overlay-type":"","overlay-color":"","overlay-opacity":"","overlay-gradient":""},"mobile":{"background-color":"var(--ast-global-color-5)","background-image":"","background-repeat":"repeat","background-position":"center center","background-size":"auto","background-attachment":"scroll","background-type":"","background-media":"","overlay-type":"","overlay-color":"","overlay-opacity":"","overlay-gradient":""}},"footnotes":""},"class_list":["post-366","page","type-page","status-publish","hentry"],"_links":{"self":[{"href":"https:\/\/angiopuebla.mx\/angiowp\/wp-json\/wp\/v2\/pages\/366","targetHints":{"allow":["GET"]}}],"collection":[{"href":"https:\/\/angiopuebla.mx\/angiowp\/wp-json\/wp\/v2\/pages"}],"about":[{"href":"https:\/\/angiopuebla.mx\/angiowp\/wp-json\/wp\/v2\/types\/page"}],"author":[{"embeddable":true,"href":"https:\/\/angiopuebla.mx\/angiowp\/wp-json\/wp\/v2\/users\/1"}],"replies":[{"embeddable":true,"href":"https:\/\/angiopuebla.mx\/angiowp\/wp-json\/wp\/v2\/comments?post=366"}],"version-history":[{"count":31,"href":"https:\/\/angiopuebla.mx\/angiowp\/wp-json\/wp\/v2\/pages\/366\/revisions"}],"predecessor-version":[{"id":976,"href":"https:\/\/angiopuebla.mx\/angiowp\/wp-json\/wp\/v2\/pages\/366\/revisions\/976"}],"wp:attachment":[{"href":"https:\/\/angiopuebla.mx\/angiowp\/wp-json\/wp\/v2\/media?parent=366"}],"curies":[{"name":"wp","href":"https:\/\/api.w.org\/{rel}","templated":true}]}}